{"id":540,"date":"2022-05-13T12:15:42","date_gmt":"2022-05-13T10:15:42","guid":{"rendered":"http:\/\/permissanssoucis.fr\/?page_id=540"},"modified":"2024-04-14T14:49:21","modified_gmt":"2024-04-14T12:49:21","slug":"documents-a-fournir-a-linscription","status":"publish","type":"page","link":"https:\/\/www.permissanssoucis.fr\/index.php\/documents-a-fournir-a-linscription\/","title":{"rendered":"Documents \u00e0 fournir \u00e0 l&rsquo;inscription"},"content":{"rendered":"\t\t<div data-elementor-type=\"wp-page\" data-elementor-id=\"540\" class=\"elementor elementor-540\">\n\t\t\t\t\t\t<section class=\"elementor-section elementor-top-section elementor-element elementor-element-cd389c9 elementor-section-boxed elementor-section-height-default elementor-section-height-default\" data-id=\"cd389c9\" data-element_type=\"section\" data-e-type=\"section\">\n\t\t\t\t\t\t<div class=\"elementor-container elementor-column-gap-default\">\n\t\t\t\t\t<div class=\"elementor-column elementor-col-100 elementor-top-column elementor-element elementor-element-aa83dd0\" data-id=\"aa83dd0\" data-element_type=\"column\" data-e-type=\"column\">\n\t\t\t<div class=\"elementor-widget-wrap elementor-element-populated\">\n\t\t\t\t\t\t<div class=\"elementor-element elementor-element-5d3e1c7 elementor-widget elementor-widget-button\" data-id=\"5d3e1c7\" data-element_type=\"widget\" data-e-type=\"widget\" data-widget_type=\"button.default\">\n\t\t\t\t<div class=\"elementor-widget-container\">\n\t\t\t\t\t\t\t\t\t<div class=\"elementor-button-wrapper\">\n\t\t\t\t\t<a class=\"elementor-button elementor-button-link elementor-size-sm\" href=\"https:\/\/www.permissanssoucis.fr\/wp-content\/uploads\/2024\/04\/Document-inscription-2.pdf\" target=\"_blank\">\n\t\t\t\t\t\t<span class=\"elementor-button-content-wrapper\">\n\t\t\t\t\t\t\t\t\t<span class=\"elementor-button-text\">T\u00e9l\u00e9charger la liste des documents n\u00e9cessaire pour votre inscription ============&gt;Cliquez ici<\/span>\n\t\t\t\t\t<\/span>\n\t\t\t\t\t<\/a>\n\t\t\t\t<\/div>\n\t\t\t\t\t\t\t\t<\/div>\n\t\t\t\t<\/div>\n\t\t\t\t\t<\/div>\n\t\t<\/div>\n\t\t\t\t\t<\/div>\n\t\t<\/section>\n\t\t\t\t<section class=\"elementor-section elementor-top-section elementor-element elementor-element-86e4f1a elementor-section-boxed elementor-section-height-default elementor-section-height-default\" data-id=\"86e4f1a\" data-element_type=\"section\" data-e-type=\"section\">\n\t\t\t\t\t\t<div class=\"elementor-container elementor-column-gap-default\">\n\t\t\t\t\t<div class=\"elementor-column elementor-col-100 elementor-top-column elementor-element elementor-element-92bc0bb\" data-id=\"92bc0bb\" data-element_type=\"column\" data-e-type=\"column\">\n\t\t\t<div class=\"elementor-widget-wrap elementor-element-populated\">\n\t\t\t\t\t\t<div class=\"elementor-element elementor-element-5bac024 elementor-widget elementor-widget-text-editor\" data-id=\"5bac024\" data-element_type=\"widget\" data-e-type=\"widget\" data-widget_type=\"text-editor.default\">\n\t\t\t\t<div class=\"elementor-widget-container\">\n\t\t\t\t\t\t\t\t\t<ul><li>1 Photocopie de la pi\u00e8ce d&rsquo;identit\u00e9 recto verso.<\/li><li>(pour les mineurs copie de la pi\u00e8ce d&rsquo;identit\u00e9 du responsable l\u00e9gal et livret de famille).<\/li><li>4 Photos d&rsquo;identit\u00e9 aux normes (e-photo).<\/li><li>copie du permis de conduire (exemple: AM).<\/li><li>Photocopie de l&rsquo;ASSR1 et \/ ou de l&rsquo;ASSR2 (moins de 21 ans ).<\/li><li>Photocopie de l&rsquo;attestation de recensement (Age entre 16 et 17 ans).<\/li><li>Photocopie du certificat de participation \u00e0 la JDC \u00ab\u00a0journ\u00e9e d\u00e9fense et citoyennet\u00e9\u00a0\u00bb (entre 17 et 25ans).<\/li><li>5 timbres<\/li><li>Justificatif de domicile de moins de 3 mois (facture eau, t\u00e9l\u00e9phone ou \u00e9lectricit\u00e9).<\/li><li>Attestation d&rsquo;h\u00e9bergement et pi\u00e8ce d&rsquo;identit\u00e9 de l&rsquo;h\u00e9bergeant si le nom sur la facture n&rsquo;est pas le nom de l&rsquo;\u00e9l\u00e8ve.<\/li><li>justificatif si besoin d&rsquo;un de nos partenaire.<\/li><\/ul><p>Pour toutes question n&rsquo;h\u00e9sitez pas \u00e0 poser votre question dans la rubrique \u00ab\u00a0contact\u00a0\u00bb.<\/p>\t\t\t\t\t\t\t\t<\/div>\n\t\t\t\t<\/div>\n\t\t\t\t\t<\/div>\n\t\t<\/div>\n\t\t\t\t\t<\/div>\n\t\t<\/section>\n\t\t\t\t<\/div>\n\t\t","protected":false},"excerpt":{"rendered":"<p>T\u00e9l\u00e9charger la liste des documents n\u00e9cessaire pour votre inscription ============&gt;Cliquez ici 1 Photocopie de la pi\u00e8ce d&rsquo;identit\u00e9 recto verso. (pour les mineurs copie de la pi\u00e8ce d&rsquo;identit\u00e9 du responsable l\u00e9gal et livret de famille). 4 Photos d&rsquo;identit\u00e9 aux normes (e-photo). copie du permis de conduire (exemple: AM). Photocopie de l&rsquo;ASSR1 et \/ ou de l&rsquo;ASSR2 [&hellip;]<\/p>\n","protected":false},"author":1,"featured_media":0,"parent":0,"menu_order":0,"comment_status":"closed","ping_status":"closed","template":"","meta":{"footnotes":""},"class_list":["post-540","page","type-page","status-publish","hentry"],"_links":{"self":[{"href":"https:\/\/www.permissanssoucis.fr\/index.php\/wp-json\/wp\/v2\/pages\/540","targetHints":{"allow":["GET"]}}],"collection":[{"href":"https:\/\/www.permissanssoucis.fr\/index.php\/wp-json\/wp\/v2\/pages"}],"about":[{"href":"https:\/\/www.permissanssoucis.fr\/index.php\/wp-json\/wp\/v2\/types\/page"}],"author":[{"embeddable":true,"href":"https:\/\/www.permissanssoucis.fr\/index.php\/wp-json\/wp\/v2\/users\/1"}],"replies":[{"embeddable":true,"href":"https:\/\/www.permissanssoucis.fr\/index.php\/wp-json\/wp\/v2\/comments?post=540"}],"version-history":[{"count":17,"href":"https:\/\/www.permissanssoucis.fr\/index.php\/wp-json\/wp\/v2\/pages\/540\/revisions"}],"predecessor-version":[{"id":833,"href":"https:\/\/www.permissanssoucis.fr\/index.php\/wp-json\/wp\/v2\/pages\/540\/revisions\/833"}],"wp:attachment":[{"href":"https:\/\/www.permissanssoucis.fr\/index.php\/wp-json\/wp\/v2\/media?parent=540"}],"curies":[{"name":"wp","href":"https:\/\/api.w.org\/{rel}","templated":true}]}}