{"id":504,"date":"2022-05-13T08:59:43","date_gmt":"2022-05-13T06:59:43","guid":{"rendered":"http:\/\/permissanssoucis.fr\/?page_id=504"},"modified":"2025-05-08T10:12:09","modified_gmt":"2025-05-08T08:12:09","slug":"label-qualite","status":"publish","type":"page","link":"https:\/\/www.permissanssoucis.fr\/index.php\/label-qualite\/","title":{"rendered":"LABEL QUALITE"},"content":{"rendered":"\t\t<div data-elementor-type=\"wp-page\" data-elementor-id=\"504\" class=\"elementor elementor-504\">\n\t\t\t\t\t\t<section class=\"elementor-section elementor-top-section elementor-element elementor-element-cf60950 elementor-section-boxed elementor-section-height-default elementor-section-height-default\" data-id=\"cf60950\" data-element_type=\"section\" data-e-type=\"section\">\n\t\t\t\t\t\t<div class=\"elementor-container elementor-column-gap-default\">\n\t\t\t\t\t<div class=\"elementor-column elementor-col-100 elementor-top-column elementor-element elementor-element-cd702dd\" data-id=\"cd702dd\" data-element_type=\"column\" data-e-type=\"column\">\n\t\t\t<div class=\"elementor-widget-wrap elementor-element-populated\">\n\t\t\t\t\t\t<div class=\"elementor-element elementor-element-32207d6 elementor-widget elementor-widget-image\" data-id=\"32207d6\" data-element_type=\"widget\" data-e-type=\"widget\" data-widget_type=\"image.default\">\n\t\t\t\t<div class=\"elementor-widget-container\">\n\t\t\t\t\t\t\t\t\t\t\t\t\t\t\t<img fetchpriority=\"high\" decoding=\"async\" width=\"300\" height=\"286\" src=\"https:\/\/www.permissanssoucis.fr\/wp-content\/uploads\/2024\/04\/logo_ecole_de_conduite-300x286.png\" class=\"attachment-medium size-medium wp-image-853\" alt=\"\" srcset=\"https:\/\/www.permissanssoucis.fr\/wp-content\/uploads\/2024\/04\/logo_ecole_de_conduite-300x286.png 300w, https:\/\/www.permissanssoucis.fr\/wp-content\/uploads\/2024\/04\/logo_ecole_de_conduite.png 768w\" sizes=\"(max-width: 300px) 100vw, 300px\" \/>\t\t\t\t\t\t\t\t\t\t\t\t\t\t\t<\/div>\n\t\t\t\t<\/div>\n\t\t\t\t<div class=\"elementor-element elementor-element-2995946 elementor-widget elementor-widget-text-editor\" data-id=\"2995946\" data-element_type=\"widget\" data-e-type=\"widget\" data-widget_type=\"text-editor.default\">\n\t\t\t\t<div class=\"elementor-widget-container\">\n\t\t\t\t\t\t\t\t\t<h3 style=\"font-family: sans-serif; line-height: 1.1; color: #000000; margin-top: 18px; margin-bottom: 9px; font-size: 23px; text-align: center; letter-spacing: normal; background-color: rgba(255, 255, 255, 0.8);\"><strong><span style=\"text-decoration: underline;\"><span style=\"font-size: 18px;\">\u00a0<\/span><\/span><\/strong><\/h3><h3 style=\"font-family: sans-serif; line-height: 1.1; color: #000000; margin-top: 18px; margin-bottom: 9px; font-size: 23px; text-align: center; letter-spacing: normal; background-color: rgba(255, 255, 255, 0.8);\"><strong><span style=\"text-decoration: underline;\"><span style=\"font-size: 18px;\">Label : qualit\u00e9 des formations au sein des \u00e9coles de conduite<\/span><\/span><\/strong><\/h3><p style=\"margin-bottom: 9px; color: #000000; font-family: sans-serif; font-size: 13px; letter-spacing: normal; background-color: rgba(255, 255, 255, 0.8); text-align: center;\">Le Conseil sup\u00e9rieur de l\u2019\u00e9ducation routi\u00e8re a d\u00e9fini l\u2019ensemble des crit\u00e8res de qualit\u00e9 relatifs \u00e0 la qualit\u00e9 des actions de la formation professionnelle continue.<\/p><p>Ces crit\u00e8res ont \u00e9t\u00e9 retenus dans le cadre du label \u00ab\u00a0<strong>qualit\u00e9 des formations au sein des \u00e9coles de conduite<\/strong>\u00a0\u00bb et certains doivent obligatoirement appara\u00eetre sur le site Internet.<br \/><span style=\"text-decoration: underline;\">\u00a0<\/span><\/p><p style=\"margin-bottom: 9px; color: #000000; font-family: sans-serif; font-size: 13px; letter-spacing: normal; background-color: rgba(255, 255, 255, 0.8); text-align: center;\">Ce label est gratuit et repose avant tout sur une d\u00e9marche volontaire des \u00e9coles de conduite et des associations agr\u00e9\u00e9es qui feront cependant l&rsquo;objet de contr\u00f4les de la part des inspecteurs du permis de conduire et de la s\u00e9curit\u00e9 routi\u00e8re (IPCSR) afin d&rsquo;en v\u00e9rifier le respect.<\/p><h3 style=\"font-family: sans-serif; line-height: 1.1; color: #000000; margin-top: 18px; margin-bottom: 9px; font-size: 23px; text-align: center; letter-spacing: normal; background-color: rgba(255, 255, 255, 0.8);\"><strong><span style=\"text-decoration: underline;\"><span style=\"font-size: 16px;\">Le label autorise \u00e0 l\u2019auto-\u00e9cole de proposer :<\/span><\/span><\/strong><\/h3><p style=\"margin-bottom: 9px; color: #000000; font-family: sans-serif; font-size: 13px; letter-spacing: normal; background-color: rgba(255, 255, 255, 0.8); text-align: center;\">&#8211; La formation B96<\/p><p style=\"margin-bottom: 9px; color: #000000; font-family: sans-serif; font-size: 13px; letter-spacing: normal; background-color: rgba(255, 255, 255, 0.8); text-align: center;\">&#8211; La formation de 7 h suite \u00e0 B78<\/p><h3 style=\"font-family: sans-serif; line-height: 1.1; color: #000000; margin-top: 18px; margin-bottom: 9px; font-size: 23px; text-align: center; letter-spacing: normal; background-color: rgba(255, 255, 255, 0.8);\"><span style=\"text-decoration: underline;\"><strong><span style=\"font-size: 16px;\">Le label permet \u00e0 l\u2019auto-\u00e9cole :<\/span><\/strong><\/span><\/h3><p style=\"margin-bottom: 9px; color: #000000; font-family: sans-serif; font-size: 13px; letter-spacing: normal; background-color: rgba(255, 255, 255, 0.8); text-align: center;\">&#8211; De faciliter son inscription sur datadock<\/p><p style=\"margin-bottom: 9px; color: #000000; font-family: sans-serif; font-size: 13px; letter-spacing: normal; background-color: rgba(255, 255, 255, 0.8); text-align: center;\">&#8211; D&rsquo;\u00eatre recens\u00e9 sur le site de la DSR<\/p><p style=\"margin-bottom: 9px; color: #000000; font-family: sans-serif; font-size: 13px; letter-spacing: normal; background-color: rgba(255, 255, 255, 0.8); text-align: center;\">&#8211; D&rsquo;afficher un logo \u00ab label qualit\u00e9 \u00bb<\/p><p style=\"margin-bottom: 9px; color: #000000; font-family: sans-serif; font-size: 13px; letter-spacing: normal; background-color: rgba(255, 255, 255, 0.8); text-align: center;\">&#8211; De garantir la qualit\u00e9 et la transparence des prestations dispens\u00e9es<\/p><p style=\"margin-bottom: 9px; color: #000000; font-family: sans-serif; font-size: 13px; letter-spacing: normal; background-color: rgba(255, 255, 255, 0.8); text-align: center;\">&#8211; De valoriser les \u00e9coles de conduite qui s\u2019engagent dans une d\u00e9marche d\u2019am\u00e9lioration de la qualit\u00e9 de leurs formations<\/p>\t\t\t\t\t\t\t\t<\/div>\n\t\t\t\t<\/div>\n\t\t\t\t\t<\/div>\n\t\t<\/div>\n\t\t\t\t\t<\/div>\n\t\t<\/section>\n\t\t\t\t<section class=\"elementor-section elementor-top-section elementor-element elementor-element-3417802 elementor-section-boxed elementor-section-height-default elementor-section-height-default\" data-id=\"3417802\" data-element_type=\"section\" data-e-type=\"section\">\n\t\t\t\t\t\t<div class=\"elementor-container elementor-column-gap-default\">\n\t\t\t\t\t<div class=\"elementor-column elementor-col-100 elementor-top-column elementor-element elementor-element-66c4794\" data-id=\"66c4794\" data-element_type=\"column\" data-e-type=\"column\">\n\t\t\t<div class=\"elementor-widget-wrap elementor-element-populated\">\n\t\t\t\t\t\t<div class=\"elementor-element elementor-element-01b6ce0 elementor-widget elementor-widget-text-editor\" data-id=\"01b6ce0\" data-element_type=\"widget\" data-e-type=\"widget\" data-widget_type=\"text-editor.default\">\n\t\t\t\t<div class=\"elementor-widget-container\">\n\t\t\t\t\t\t\t\t\t<p><strong><span style=\"text-decoration: underline;\">Crit\u00e8re 1<\/span> : Les conditions d&rsquo;information du public sur les prestations propos\u00e9es, les d\u00e9lais pour y acc\u00e9der et les r\u00e9sultats obtenus.<\/strong><\/p><ul><li><a href=\"https:\/\/www.permissanssoucis.fr\/wp-content\/uploads\/2024\/04\/critere-1.1-Attestation-de-garantie-financiere-2024.pdf\" target=\"_blank\" rel=\"noopener\">Crit\u00e8re 1.1 : Attestation de garantie financi\u00e8re Garantie Financi\u00e8re.<\/a><\/li><li><a href=\"http:\/\/permissanssoucis.fr\/wp-content\/uploads\/2022\/05\/critere-1.2-enjeux-B.pdf\" target=\"_blank\" rel=\"noopener\">Crit\u00e8re 1.2 : Enjeux, D\u00e9roulement de la formation et conditions de passage des \u00e9preuves de l&rsquo;examen<\/a>.<\/li><li><a href=\"http:\/\/permissanssoucis.fr\/wp-content\/uploads\/2022\/05\/critere-1.3-Reglement-interieur-Auto.pdf\" target=\"_blank\" rel=\"noopener\">Crit\u00e8re 1.3 : R\u00e8glement Int\u00e9rieur<\/a>.<\/li><li><a href=\"http:\/\/permissanssoucis.fr\/wp-content\/uploads\/2022\/05\/formation-AM-A1-A2.pdf\" target=\"_blank\" rel=\"noopener\">Crit\u00e8re 1.4 : Piste Priv\u00e9e.<\/a><\/li><li><a href=\"https:\/\/www.permissanssoucis.fr\/wp-content\/uploads\/2024\/04\/critere-1.5-consultation-bureau.pdf\" target=\"_blank\" rel=\"noopener\">Crit\u00e8re 1.5 : Bilan annuel sur une ann\u00e9e glissante.<\/a><\/li><li><a href=\"http:\/\/permissanssoucis.fr\/wp-content\/uploads\/2022\/06\/1.6-RDV-post-permis1.pdf\" target=\"_blank\" rel=\"noopener\">Crit\u00e8re 1.6 : Rendez-vous post-permis.<\/a><\/li><li><a href=\"http:\/\/permissanssoucis.fr\/wp-content\/uploads\/2022\/05\/Critere-1.7-valorisation-ACC-et-supervisee.pdf\" target=\"_blank\" rel=\"noopener\">Crit\u00e8re 1.7 : Valoriser l&rsquo;apprentissage anticip\u00e9 de la conduite (AAC) ou supervis\u00e9e (CS).<\/a><\/li><li>Crit\u00e8re 1.7 :\u00a0<a href=\"https:\/\/www.permissanssoucis.fr\/wp-content\/uploads\/2024\/04\/20220622_203336-1-scaled.jpg\" target=\"_blank\" rel=\"noopener\">annexe 1\u00a0<\/a> <a href=\"https:\/\/www.permissanssoucis.fr\/wp-content\/uploads\/2024\/04\/20220622_203407-scaled.jpg\">\u00a0annexe 2<\/a>\u00a0 <a href=\"https:\/\/www.permissanssoucis.fr\/wp-content\/uploads\/2024\/04\/20220622_203423-scaled.jpg\">annexe 3<\/a><\/li><li><a href=\"http:\/\/permissanssoucis.fr\/index.php\/label-qualite\/\" target=\"_blank\" rel=\"noopener\">Crit\u00e8re 1.8 : Site internet<\/a><\/li><\/ul><h6><span style=\"text-decoration: underline;\"><strong>Ces documents sont consultables dans un classeur au sein de l&rsquo;\u00e9tablissement. Nous pouvons vous en faire une copie \u00e0 la demande.\u00a0<\/strong><\/span><\/h6>\t\t\t\t\t\t\t\t<\/div>\n\t\t\t\t<\/div>\n\t\t\t\t\t<\/div>\n\t\t<\/div>\n\t\t\t\t\t<\/div>\n\t\t<\/section>\n\t\t\t\t<section class=\"elementor-section elementor-top-section elementor-element elementor-element-0e70018 elementor-section-boxed elementor-section-height-default elementor-section-height-default\" data-id=\"0e70018\" data-element_type=\"section\" data-e-type=\"section\">\n\t\t\t\t\t\t<div class=\"elementor-container elementor-column-gap-default\">\n\t\t\t\t\t<div class=\"elementor-column elementor-col-100 elementor-top-column elementor-element elementor-element-fd4575c\" data-id=\"fd4575c\" data-element_type=\"column\" data-e-type=\"column\">\n\t\t\t<div class=\"elementor-widget-wrap elementor-element-populated\">\n\t\t\t\t\t\t<div class=\"elementor-element elementor-element-0874068 elementor-widget elementor-widget-text-editor\" data-id=\"0874068\" data-element_type=\"widget\" data-e-type=\"widget\" data-widget_type=\"text-editor.default\">\n\t\t\t\t<div class=\"elementor-widget-container\">\n\t\t\t\t\t\t\t\t\t<p><strong><span style=\"text-decoration: underline;\">Crit\u00e8re 2<\/span> : L&rsquo;identification pr\u00e9cise des objectifs des prestations propos\u00e9es et l&rsquo;adaptation de ces prestations aux publics b\u00e9n\u00e9ficiaires, lors de la conception des prestations.<\/strong><\/p><ul><li><a href=\"https:\/\/www.permissanssoucis.fr\/wp-content\/uploads\/2024\/04\/critere-2.1-Programme.pdf\" target=\"_blank\" rel=\"noopener\">Crit\u00e8re 2.1 : Programme de Formation.<\/a><\/li><li><a href=\"https:\/\/www.permissanssoucis.fr\/wp-content\/uploads\/2024\/04\/Evaluation-formation-conduite-et-securite-routiere-B-AAC.pdf\" target=\"_blank\" rel=\"noopener\">Crit\u00e8re 2.2.1 : Proc\u00e9d\u00e9 d&rsquo;\u00e9valuation.<\/a><\/li><li><a href=\"https:\/\/www.permissanssoucis.fr\/wp-content\/uploads\/2024\/04\/critere-2.2.1-handicap.pdf\" target=\"_blank\" rel=\"noopener\">Crit\u00e8re 2.2.2 : Proc\u00e9d\u00e9 de prise en compte du handicap.<\/a><\/li><li><a href=\"https:\/\/www.permissanssoucis.fr\/wp-content\/uploads\/2024\/04\/critere-2.3-contrat-permis-complet.pdf\" target=\"_blank\" rel=\"noopener\">Crit\u00e8re 2.3 : Contrat de formation et\/ou devis.<\/a><\/li><\/ul><h6><span style=\"text-decoration: underline;\"><strong>Ces documents sont consultables dans un classeur au sein de l&rsquo;\u00e9tablissement. Nous pouvons vous en faire une copie \u00e0 la demande.\u00a0<\/strong><\/span><\/h6>\t\t\t\t\t\t\t\t<\/div>\n\t\t\t\t<\/div>\n\t\t\t\t\t<\/div>\n\t\t<\/div>\n\t\t\t\t\t<\/div>\n\t\t<\/section>\n\t\t\t\t<section class=\"elementor-section elementor-top-section elementor-element elementor-element-9ab59e7 elementor-section-boxed elementor-section-height-default elementor-section-height-default\" data-id=\"9ab59e7\" data-element_type=\"section\" data-e-type=\"section\">\n\t\t\t\t\t\t<div class=\"elementor-container elementor-column-gap-default\">\n\t\t\t\t\t<div class=\"elementor-column elementor-col-100 elementor-top-column elementor-element elementor-element-ab954eb\" data-id=\"ab954eb\" data-element_type=\"column\" data-e-type=\"column\">\n\t\t\t<div class=\"elementor-widget-wrap elementor-element-populated\">\n\t\t\t\t\t\t<div class=\"elementor-element elementor-element-f45753b elementor-widget elementor-widget-text-editor\" data-id=\"f45753b\" data-element_type=\"widget\" data-e-type=\"widget\" data-widget_type=\"text-editor.default\">\n\t\t\t\t<div class=\"elementor-widget-container\">\n\t\t\t\t\t\t\t\t\t<p><strong><span style=\"text-decoration: underline;\">Crit\u00e8re 3 <\/span>: L&rsquo;adaptation aux publics b\u00e9n\u00e9ficiaire des prestations et les modalit\u00e9s d&rsquo;accueil, d&rsquo;accompagnement, de suivi et d&rsquo;\u00e9valuation mise en \u0153uvre.<\/strong><\/p><ul><li><a href=\"https:\/\/www.permissanssoucis.fr\/wp-content\/uploads\/2024\/04\/critere-3.1.pdf\" target=\"_blank\" rel=\"noopener\">Crit\u00e8re 3.1 : Organisation des formations th\u00e9oriques et pratiques.<\/a><\/li><li>Crit\u00e8re 3.2 : Suivi p\u00e9dagogique des \u00e9l\u00e8ves.<\/li><li>Crit\u00e8re 3.3 : Evaluation en cours et fin de formation.<\/li><li><a href=\"https:\/\/www.permissanssoucis.fr\/wp-content\/uploads\/2024\/04\/critere-3.4-Procedure-pour-prevenir-les-abandons.pdf\" target=\"_blank\" rel=\"noopener\">Crit\u00e8re 3.4 : Proc\u00e9dure pour l&rsquo;engagement des \u00e9l\u00e8ves et pr\u00e9venir l&rsquo;abandon.<\/a><\/li><li>Crit\u00e8re 3.5 : Formation financ\u00e9e tout ou en partie par une entreprise.<\/li><\/ul><div>\u00a0<\/div><h6><span style=\"text-decoration: underline;\"><strong>Ces documents sont consultables dans un classeur au sein de l&rsquo;\u00e9tablissement. Nous pouvons vous en faire une copie \u00e0 la demande.\u00a0<\/strong><\/span><\/h6>\t\t\t\t\t\t\t\t<\/div>\n\t\t\t\t<\/div>\n\t\t\t\t\t<\/div>\n\t\t<\/div>\n\t\t\t\t\t<\/div>\n\t\t<\/section>\n\t\t\t\t<section class=\"elementor-section elementor-top-section elementor-element elementor-element-0bd97c4 elementor-section-boxed elementor-section-height-default elementor-section-height-default\" data-id=\"0bd97c4\" data-element_type=\"section\" data-e-type=\"section\">\n\t\t\t\t\t\t<div class=\"elementor-container elementor-column-gap-default\">\n\t\t\t\t\t<div class=\"elementor-column elementor-col-100 elementor-top-column elementor-element elementor-element-b154a50\" data-id=\"b154a50\" data-element_type=\"column\" data-e-type=\"column\">\n\t\t\t<div class=\"elementor-widget-wrap elementor-element-populated\">\n\t\t\t\t\t\t<div class=\"elementor-element elementor-element-2331cbb elementor-widget elementor-widget-text-editor\" data-id=\"2331cbb\" data-element_type=\"widget\" data-e-type=\"widget\" data-widget_type=\"text-editor.default\">\n\t\t\t\t<div class=\"elementor-widget-container\">\n\t\t\t\t\t\t\t\t\t<p><strong><span style=\"text-decoration: underline;\">Crit\u00e8re 4 <\/span>: L&rsquo;ad\u00e9quation des moyens p\u00e9dagogiques, techniques et d&rsquo;encadrement aux prestations mises en \u0153uvre.<\/strong><\/p><ul><li><a href=\"https:\/\/www.permissanssoucis.fr\/wp-content\/uploads\/2024\/04\/critere-4.1-moyens-pedagogiques-PDF.pdf\" target=\"_blank\" rel=\"noopener\">Crit\u00e8re 4.1 : Moyens p\u00e9dagogiques.<\/a><\/li><li><a href=\"https:\/\/www.permissanssoucis.fr\/wp-content\/uploads\/2024\/04\/critere-4.2.3.4.5.pdf\" target=\"_blank\" rel=\"noopener\">Crit\u00e8re 4.2 : Liste des enseignants.<\/a><\/li><li><a href=\"https:\/\/www.permissanssoucis.fr\/wp-content\/uploads\/2024\/04\/critere-4.2.3.4.5.pdf\" target=\"_blank\" rel=\"noopener\">Crit\u00e8re 4.3 : R\u00e9f\u00e9rents p\u00e9dagogiques<\/a>.<\/li><li><a href=\"https:\/\/www.permissanssoucis.fr\/wp-content\/uploads\/2024\/04\/critere-4.2.3.4.5.pdf\" target=\"_blank\" rel=\"noopener\">Crit\u00e8re 4.4 : Personnes Charg\u00e9es des relations avec les \u00e9l\u00e8ves.<\/a><\/li><li><a href=\"https:\/\/www.permissanssoucis.fr\/wp-content\/uploads\/2024\/04\/critere-4.2.3.4.5.pdf\" target=\"_blank\" rel=\"noopener\">Crit\u00e8re 4.5 : R\u00e9f\u00e9rent handicap.<\/a><\/li><\/ul><div>\u00a0<\/div><h6><span style=\"text-decoration: underline;\"><strong>Ces documents sont consultables dans un classeur au sein de l&rsquo;\u00e9tablissement. Nous pouvons vous en faire une copie \u00e0 la demande.\u00a0<\/strong><\/span><\/h6>\t\t\t\t\t\t\t\t<\/div>\n\t\t\t\t<\/div>\n\t\t\t\t\t<\/div>\n\t\t<\/div>\n\t\t\t\t\t<\/div>\n\t\t<\/section>\n\t\t\t\t<section class=\"elementor-section elementor-top-section elementor-element elementor-element-f07a504 elementor-section-boxed elementor-section-height-default elementor-section-height-default\" data-id=\"f07a504\" data-element_type=\"section\" data-e-type=\"section\">\n\t\t\t\t\t\t<div class=\"elementor-container elementor-column-gap-default\">\n\t\t\t\t\t<div class=\"elementor-column elementor-col-100 elementor-top-column elementor-element elementor-element-24c5553\" data-id=\"24c5553\" data-element_type=\"column\" data-e-type=\"column\">\n\t\t\t<div class=\"elementor-widget-wrap elementor-element-populated\">\n\t\t\t\t\t\t<div class=\"elementor-element elementor-element-573d3ca elementor-widget elementor-widget-text-editor\" data-id=\"573d3ca\" data-element_type=\"widget\" data-e-type=\"widget\" data-widget_type=\"text-editor.default\">\n\t\t\t\t<div class=\"elementor-widget-container\">\n\t\t\t\t\t\t\t\t\t<p><strong><span style=\"text-decoration: underline;\">Crit\u00e8re 5 <\/span>: La qualification et le d\u00e9veloppement des connaissances et comp\u00e9tences des personnels charg\u00e9s de mettre en \u0153uvre les prestations.<\/strong><\/p><ul><li>Crit\u00e8re 5.1 : Formation continue des enseignants.<\/li><li>Crit\u00e8re 5.2 : Prestations de service ou sous-traitance.<\/li><li><a href=\"https:\/\/www.permissanssoucis.fr\/wp-content\/uploads\/2024\/04\/Critere-5.3.pdf\" target=\"_blank\" rel=\"noopener\">Crit\u00e8re 5.3 : Accompagnement des \u00e9l\u00e8ves aux examens par un formateur titulaire de la cat\u00e9gorie du permis de conduire concern\u00e9e.<\/a><\/li><\/ul><div>\u00a0<\/div><h6><span style=\"text-decoration: underline;\"><strong>Ces documents sont consultables dans un classeur au sein de l&rsquo;\u00e9tablissement. Nous pouvons vous en faire une copie \u00e0 la demande.\u00a0<\/strong><\/span><\/h6>\t\t\t\t\t\t\t\t<\/div>\n\t\t\t\t<\/div>\n\t\t\t\t\t<\/div>\n\t\t<\/div>\n\t\t\t\t\t<\/div>\n\t\t<\/section>\n\t\t\t\t<section class=\"elementor-section elementor-top-section elementor-element elementor-element-9b10391 elementor-section-boxed elementor-section-height-default elementor-section-height-default\" data-id=\"9b10391\" data-element_type=\"section\" data-e-type=\"section\">\n\t\t\t\t\t\t<div class=\"elementor-container elementor-column-gap-default\">\n\t\t\t\t\t<div class=\"elementor-column elementor-col-100 elementor-top-column elementor-element elementor-element-b79bee2\" data-id=\"b79bee2\" data-element_type=\"column\" data-e-type=\"column\">\n\t\t\t<div class=\"elementor-widget-wrap elementor-element-populated\">\n\t\t\t\t\t\t<div class=\"elementor-element elementor-element-fe59f20 elementor-widget elementor-widget-text-editor\" data-id=\"fe59f20\" data-element_type=\"widget\" data-e-type=\"widget\" data-widget_type=\"text-editor.default\">\n\t\t\t\t<div class=\"elementor-widget-container\">\n\t\t\t\t\t\t\t\t\t<p><strong><span style=\"text-decoration: underline;\">Crit\u00e8re 6<\/span> : L&rsquo;inscription et l&rsquo;investissement du prestataire dans son environnement professionnel.<\/strong><\/p><ul><li><a href=\"https:\/\/www.permissanssoucis.fr\/wp-content\/uploads\/2024\/04\/Critere-6.1.pdf\" target=\"_blank\" rel=\"noopener\">Crit\u00e8re 6.1 : Veille sur les \u00e9volutions r\u00e9glementaires li\u00e9es au code de la route et diffusion aupr\u00e8s du personnel.<\/a><\/li><li><a href=\"https:\/\/www.permissanssoucis.fr\/wp-content\/uploads\/2024\/04\/Critere-6.2.pdf\" target=\"_blank\" rel=\"noopener\">Crit\u00e8re 6.2 : Veille sur les \u00e9volutions des comp\u00e9tences, des m\u00e9tiers dans le secteur de l&rsquo;\u00e9ducation routi\u00e8re et diffusion aupr\u00e8s du personnel.<\/a><\/li><li><a href=\"https:\/\/www.permissanssoucis.fr\/wp-content\/uploads\/2024\/04\/Critere-6.3.pdf\" target=\"_blank\" rel=\"noopener\">Crit\u00e8re 6.3 : Veille sur les \u00e9volutions p\u00e9dagogiques et technologiques applicables dans les champs des \u00e9coles de conduite et diffusion aupr\u00e8s du personnel.<\/a><\/li><li>Crit\u00e8re 6.4 : Si l&rsquo;\u00e9cole de conduite fait appel \u00e0 un sous traitant, d\u00e9crire les modalit\u00e9s mises en place lui permettant de s&rsquo;assurer du respect de la conformit\u00e9 au r\u00e9f\u00e9rentiel.<\/li><\/ul><div>\u00a0<\/div><h6><span style=\"text-decoration: underline;\"><strong>Ces documents sont consultables dans un classeur au sein de l&rsquo;\u00e9tablissement. Nous pouvons vous en faire une copie \u00e0 la demande.\u00a0<\/strong><\/span><\/h6>\t\t\t\t\t\t\t\t<\/div>\n\t\t\t\t<\/div>\n\t\t\t\t\t<\/div>\n\t\t<\/div>\n\t\t\t\t\t<\/div>\n\t\t<\/section>\n\t\t\t\t<section class=\"elementor-section elementor-top-section elementor-element elementor-element-0553e86 elementor-section-boxed elementor-section-height-default elementor-section-height-default\" data-id=\"0553e86\" data-element_type=\"section\" data-e-type=\"section\">\n\t\t\t\t\t\t<div class=\"elementor-container elementor-column-gap-default\">\n\t\t\t\t\t<div class=\"elementor-column elementor-col-100 elementor-top-column elementor-element elementor-element-74f5542\" data-id=\"74f5542\" data-element_type=\"column\" data-e-type=\"column\">\n\t\t\t<div class=\"elementor-widget-wrap elementor-element-populated\">\n\t\t\t\t\t\t<div class=\"elementor-element elementor-element-09cfc74 elementor-widget elementor-widget-text-editor\" data-id=\"09cfc74\" data-element_type=\"widget\" data-e-type=\"widget\" data-widget_type=\"text-editor.default\">\n\t\t\t\t<div class=\"elementor-widget-container\">\n\t\t\t\t\t\t\t\t\t<p><strong><span style=\"text-decoration: underline;\">Crit\u00e8re 7<\/span> : Le recueil et la prise en compte des appr\u00e9ciations et des r\u00e9clamations formul\u00e9es par les parties prenantes aux prestations d\u00e9livr\u00e9e.<\/strong><\/p><ul><li>Crit\u00e8re 7.1 :<a href=\"https:\/\/www.google.com\/search?gs_ssp=eJzj4tVP1zc0zDI0rCwvKyk3YLRSNagwMU81TDJOSjNJSzI2srAwtDKoMDI1NDYzTTFLs0wzMDI3svQSKkgtys0sVihOzAMS-aXJmcUAFYIWJg&amp;q=permis+sans+soucis&amp;oq=permis+sans+soucis&amp;aqs=chrome.1.69i57j46i39i175i199j46i175i199i512l2j0i22i30l6.4439j0j15&amp;sourceid=chrome&amp;ie=UTF-8#lrd=0x47e1b3bf4fb32881:0x251365d6f9f02729,1,,,\" target=\"_blank\" rel=\"noopener\"> Utiliser en priorit\u00e9 un site ou une page internet pour mesurer la satisfaction des \u00e9l\u00e8ves par des avis certifi\u00e9s par un organisme tiers ind\u00e9pendant.<\/a><\/li><li><a href=\"https:\/\/www.permissanssoucis.fr\/wp-content\/uploads\/2024\/04\/questionnaire-de-satisfaction-scaled.jpg\" target=\"_blank\" rel=\"noopener\">Crit\u00e8re 7.2 : Modalit\u00e9 de recueil des appr\u00e9ciations des finances et de l&rsquo;\u00e9quipe p\u00e9dagogique.<\/a><\/li><li>Crit\u00e8re 7.3 : Exploiter les avis certifi\u00e9s par un organisme tiers ind\u00e9pendant, recueillis de mani\u00e8re \u00e9lectronique, des \u00e9l\u00e8ves ou \u00e0 d\u00e9faut le questionnaire de satisfaction et mettre en place un processus d&rsquo;am\u00e9lioration continue.<\/li><li><a href=\"https:\/\/www.permissanssoucis.fr\/wp-content\/uploads\/2024\/04\/critere-7.4-processus-ok.pdf\" target=\"_blank\" rel=\"noopener\">Crit\u00e8re 7.4 : D\u00e9crire les modalit\u00e9s de traitement des r\u00e9clamations de toutes les parties prenantes.<\/a><\/li><\/ul><div>\u00a0<\/div><h6><span style=\"text-decoration: underline;\"><strong>Ces documents sont consultables dans un classeur au sein de l&rsquo;\u00e9tablissement. Nous pouvons vous en faire une copie \u00e0 la demande.\u00a0<\/strong><\/span><\/h6>\t\t\t\t\t\t\t\t<\/div>\n\t\t\t\t<\/div>\n\t\t\t\t\t<\/div>\n\t\t<\/div>\n\t\t\t\t\t<\/div>\n\t\t<\/section>\n\t\t\t\t<\/div>\n\t\t","protected":false},"excerpt":{"rendered":"<p>\u00a0 Label : qualit\u00e9 des formations au sein des \u00e9coles de conduite Le Conseil sup\u00e9rieur de l\u2019\u00e9ducation routi\u00e8re a d\u00e9fini l\u2019ensemble des crit\u00e8res de qualit\u00e9 relatifs \u00e0 la qualit\u00e9 des actions de la formation professionnelle continue. Ces crit\u00e8res ont \u00e9t\u00e9 retenus dans le cadre du label \u00ab\u00a0qualit\u00e9 des formations au sein des \u00e9coles de conduite\u00a0\u00bb [&hellip;]<\/p>\n","protected":false},"author":1,"featured_media":0,"parent":0,"menu_order":0,"comment_status":"closed","ping_status":"closed","template":"","meta":{"footnotes":""},"class_list":["post-504","page","type-page","status-publish","hentry"],"_links":{"self":[{"href":"https:\/\/www.permissanssoucis.fr\/index.php\/wp-json\/wp\/v2\/pages\/504","targetHints":{"allow":["GET"]}}],"collection":[{"href":"https:\/\/www.permissanssoucis.fr\/index.php\/wp-json\/wp\/v2\/pages"}],"about":[{"href":"https:\/\/www.permissanssoucis.fr\/index.php\/wp-json\/wp\/v2\/types\/page"}],"author":[{"embeddable":true,"href":"https:\/\/www.permissanssoucis.fr\/index.php\/wp-json\/wp\/v2\/users\/1"}],"replies":[{"embeddable":true,"href":"https:\/\/www.permissanssoucis.fr\/index.php\/wp-json\/wp\/v2\/comments?post=504"}],"version-history":[{"count":232,"href":"https:\/\/www.permissanssoucis.fr\/index.php\/wp-json\/wp\/v2\/pages\/504\/revisions"}],"predecessor-version":[{"id":944,"href":"https:\/\/www.permissanssoucis.fr\/index.php\/wp-json\/wp\/v2\/pages\/504\/revisions\/944"}],"wp:attachment":[{"href":"https:\/\/www.permissanssoucis.fr\/index.php\/wp-json\/wp\/v2\/media?parent=504"}],"curies":[{"name":"wp","href":"https:\/\/api.w.org\/{rel}","templated":true}]}}